{"id":300,"date":"2019-04-21T14:50:57","date_gmt":"2019-04-21T14:50:57","guid":{"rendered":"http:\/\/portesgarex.org\/?page_id=300"},"modified":"2023-07-13T13:10:12","modified_gmt":"2023-07-13T17:10:12","slug":"obtenez-une-soumission","status":"publish","type":"page","link":"https:\/\/www.garex.com\/fr\/obtenez-une-soumission\/","title":{"rendered":"Obtenez une soumission"},"content":{"rendered":"<p>Vous recherchez des informations sur les prix des portes de garage <strong>Garex<\/strong>?<\/p>\n<h2><span style=\"color: #009fdf;\"><strong>Parlez-nous de votre projet, de vous et de votre domicile<\/strong><\/span><\/h2>\n<p>Obtenez une soumission pour votre porte de garage n\u2019a jamais \u00e9t\u00e9 aussi facile. R\u00e9pondez \u00e0 quelques questions simples et le tour est jou\u00e9.<\/p>\n","protected":false},"excerpt":{"rendered":"<p>Vous recherchez des informations sur les prix des portes de garage Garex? Parlez-nous de votre projet, de vous et de votre domicile Obtenez une soumission pour votre porte de garage [&hellip;]<\/p>\n","protected":false},"author":4,"featured_media":0,"parent":0,"menu_order":85,"comment_status":"closed","ping_status":"closed","template":"page-soumissionGF.php","meta":{"_acf_changed":false,"footnotes":""},"class_list":["post-300","page","type-page","status-publish","hentry"],"acf":[],"_links":{"self":[{"href":"https:\/\/www.garex.com\/fr\/wp-json\/wp\/v2\/pages\/300","targetHints":{"allow":["GET"]}}],"collection":[{"href":"https:\/\/www.garex.com\/fr\/wp-json\/wp\/v2\/pages"}],"about":[{"href":"https:\/\/www.garex.com\/fr\/wp-json\/wp\/v2\/types\/page"}],"author":[{"embeddable":true,"href":"https:\/\/www.garex.com\/fr\/wp-json\/wp\/v2\/users\/4"}],"replies":[{"embeddable":true,"href":"https:\/\/www.garex.com\/fr\/wp-json\/wp\/v2\/comments?post=300"}],"version-history":[{"count":1,"href":"https:\/\/www.garex.com\/fr\/wp-json\/wp\/v2\/pages\/300\/revisions"}],"predecessor-version":[{"id":8842,"href":"https:\/\/www.garex.com\/fr\/wp-json\/wp\/v2\/pages\/300\/revisions\/8842"}],"wp:attachment":[{"href":"https:\/\/www.garex.com\/fr\/wp-json\/wp\/v2\/media?parent=300"}],"curies":[{"name":"wp","href":"https:\/\/api.w.org\/{rel}","templated":true}]}}